{"id":16,"date":"2023-10-05T15:57:12","date_gmt":"2023-10-05T15:57:12","guid":{"rendered":"https:\/\/8570jazzclub.ch\/wordpress\/?page_id=16"},"modified":"2023-10-05T16:37:20","modified_gmt":"2023-10-05T16:37:20","slug":"openpiano","status":"publish","type":"page","link":"https:\/\/8570jazzclub.ch\/index.php\/openpiano\/","title":{"rendered":"OpenPiano"},"content":{"rendered":"\n<p>Der 8570 Jazzclub kann \u00fcberall sei, auch bei dir zuhause. Dies gilt auch f\u00fcr das Projekt Open Piano.<\/p>\n\n\n\n<p>Der 8570 Jazzclub rettet Tasteninstrument vor der Zerst\u00f6rung und stellt sie zur Verf\u00fcgung. Im \u00f6ffentlichen Raum, in Kulturst\u00e4tten oder eben, bei dir zuhause.<\/p>\n\n\n\n<p>Hast du ein Klavier, dass du nicht mehr brauchst?<\/p>\n\n\n\n<p>Bist du auf der Suche nach einem Klavier, weil du einen \u00f6ffentlichen Platz zur Verf\u00fcgung stellen kannst?<\/p>\n\n\n\n<p>M\u00f6chtest du in einer Kulturst\u00e4tte oder Privat ein Klavier nutzen?<\/p>\n\n\n\n<p>Der 8570 Jazzclub, vermittelt oder stellt zu Verf\u00fcgung.&nbsp;<\/p>\n\n\n\n<p>Melde dich unter&nbsp;<a href=\"mailto:info@8570jazzclub.ch\">info@8570jazzclub.ch<\/a><\/p>\n","protected":false},"excerpt":{"rendered":"<p>Der 8570 Jazzclub kann \u00fcberall sei, auch bei dir zuhause. Dies gilt auch f\u00fcr das Projekt Open Piano. Der 8570 Jazzclub rettet Tasteninstrument vor der Zerst\u00f6rung und stellt sie zur Verf\u00fcgung. Im \u00f6ffentlichen Raum, in Kulturst\u00e4tten oder eben, bei dir zuhause. Hast du ein Klavier, dass du nicht mehr brauchst? Bist du auf der Suche nach einem Klavier, weil du einen \u00f6ffentlichen Platz zur Verf\u00fcgung stellen kannst? M\u00f6chtest du in &hellip;<\/p>\n","protected":false},"author":1,"featured_media":0,"parent":0,"menu_order":0,"comment_status":"closed","ping_status":"closed","template":"","meta":{"footnotes":""},"class_list":["post-16","page","type-page","status-publish","hentry"],"_links":{"self":[{"href":"https:\/\/8570jazzclub.ch\/index.php\/wp-json\/wp\/v2\/pages\/16","targetHints":{"allow":["GET"]}}],"collection":[{"href":"https:\/\/8570jazzclub.ch\/index.php\/wp-json\/wp\/v2\/pages"}],"about":[{"href":"https:\/\/8570jazzclub.ch\/index.php\/wp-json\/wp\/v2\/types\/page"}],"author":[{"embeddable":true,"href":"https:\/\/8570jazzclub.ch\/index.php\/wp-json\/wp\/v2\/users\/1"}],"replies":[{"embeddable":true,"href":"https:\/\/8570jazzclub.ch\/index.php\/wp-json\/wp\/v2\/comments?post=16"}],"version-history":[{"count":2,"href":"https:\/\/8570jazzclub.ch\/index.php\/wp-json\/wp\/v2\/pages\/16\/revisions"}],"predecessor-version":[{"id":41,"href":"https:\/\/8570jazzclub.ch\/index.php\/wp-json\/wp\/v2\/pages\/16\/revisions\/41"}],"wp:attachment":[{"href":"https:\/\/8570jazzclub.ch\/index.php\/wp-json\/wp\/v2\/media?parent=16"}],"curies":[{"name":"wp","href":"https:\/\/api.w.org\/{rel}","templated":true}]}}