{"id":15,"date":"2023-10-05T15:57:11","date_gmt":"2023-10-05T15:57:11","guid":{"rendered":"https:\/\/8570jazzclub.ch\/wordpress\/?page_id=15"},"modified":"2025-09-16T08:16:18","modified_gmt":"2025-09-16T08:16:18","slug":"verein","status":"publish","type":"page","link":"https:\/\/8570jazzclub.ch\/index.php\/verein\/","title":{"rendered":"Verein"},"content":{"rendered":"\n<p>Wir freuen uns \u00fcber Ihre Besuche an unseren Konzerten.<br>Gerne d\u00fcrfen Sie unsere Aktivit\u00e4t auch als Mitglied unterst\u00fctzen.<\/p>\n\n\n\n<p>Der Mitgliederbeitrag betr\u00e4gt<br>Einzelmitglied: 50 Franken<br>Doppelmitglied: 70 Franken<\/p>\n\n\n\n<p>G\u00f6nner:innen erhalten Freikarten nach folgendem Schl\u00fcssel:<br>ab 100 Franken: Freikarten f\u00fcr 2 Personen an ein Konzert<br>ab 200 Franken: Freikarten f\u00fcr 2 Personen an zwei Konzerte<br>ab 300 Franken: Freikarten f\u00fcr 2 Personen an drei Konzerte<br>ab 400 Franken: Freikarten f\u00fcr 2 Personen an alle Konzerte&nbsp;<\/p>\n\n\n\n<p>G\u00f6nner:innen sind gem\u00e4ss Statuten (Art 5.1)<br>automatisch Mitglieder mit einfachem Stimmrecht.<\/p>\n\n\n\n<p>Kontonummer:<\/p>\n\n\n\n<p>Thurgauer Kantonalbank<br>CH03 0078 4297 3001 9200 1&nbsp;<\/p>\n\n\n\n<p>Liebe*r Jazzinteressierte*r<\/p>\n\n\n\n<p>Um Jazzmusik nach Weinfelden zu bringen habe ich den 8570 Jazzclub ins Leben gerufen.<br>Der 8570 Jazzclub soll Jazz-Musikerinnen und Musiker nach Weinfelden bringen und er soll Weinfelden erm\u00f6glichen, Jazz mit all seinen Facetten zu erleben. Der Club hat keine fixe Lokalit\u00e4t. Jazz in einem Konzertlokal, in einem sch\u00f6nen Raum, in einer Wohnung oder in einem Hinterhof, mit f\u00fcnf oder f\u00fcnfzig Zuh\u00f6rern. Jazz soll in Weinfelden stattfinden k\u00f6nnen.&nbsp;<\/p>\n\n\n\n<p>Um dies zu erm\u00f6glichen und um die Musikerinnen und Musiker fair bezahlen zu k\u00f6nnen,<br>brauche ich Ihre Unterst\u00fctzung. Haben Sie Interesse?&nbsp;<\/p>\n\n\n\n<p>Alle Daten finden Sie unter 8570jazzclub.ch .&nbsp;<\/p>\n\n\n\n<p>Herzlich Dominik Anliker<\/p>\n\n\n\n<p><strong>Vorstand: Jenny Wienrich, Roland Gasser, Fabian B\u00e4chi und Dominik Anliker<\/strong><\/p>\n\n\n\n<p>Statuten<\/p>\n\n\n\n<p>Protokoll der Gr\u00fcndungsversammlung<\/p>\n","protected":false},"excerpt":{"rendered":"<p>Wir freuen uns \u00fcber Ihre Besuche an unseren Konzerten.Gerne d\u00fcrfen Sie unsere Aktivit\u00e4t auch als Mitglied unterst\u00fctzen. Der Mitgliederbeitrag betr\u00e4gtEinzelmitglied: 50 FrankenDoppelmitglied: 70 Franken G\u00f6nner:innen erhalten Freikarten nach folgendem Schl\u00fcssel:ab 100 Franken: Freikarten f\u00fcr 2 Personen an ein Konzertab 200 Franken: Freikarten f\u00fcr 2 Personen an zwei Konzerteab 300 Franken: Freikarten f\u00fcr 2 Personen an drei Konzerteab 400 Franken: Freikarten f\u00fcr 2 Personen an alle Konzerte&nbsp; G\u00f6nner:innen sind gem\u00e4ss Statuten &hellip;<\/p>\n","protected":false},"author":1,"featured_media":0,"parent":0,"menu_order":0,"comment_status":"closed","ping_status":"closed","template":"","meta":{"footnotes":""},"class_list":["post-15","page","type-page","status-publish","hentry"],"_links":{"self":[{"href":"https:\/\/8570jazzclub.ch\/index.php\/wp-json\/wp\/v2\/pages\/15","targetHints":{"allow":["GET"]}}],"collection":[{"href":"https:\/\/8570jazzclub.ch\/index.php\/wp-json\/wp\/v2\/pages"}],"about":[{"href":"https:\/\/8570jazzclub.ch\/index.php\/wp-json\/wp\/v2\/types\/page"}],"author":[{"embeddable":true,"href":"https:\/\/8570jazzclub.ch\/index.php\/wp-json\/wp\/v2\/users\/1"}],"replies":[{"embeddable":true,"href":"https:\/\/8570jazzclub.ch\/index.php\/wp-json\/wp\/v2\/comments?post=15"}],"version-history":[{"count":3,"href":"https:\/\/8570jazzclub.ch\/index.php\/wp-json\/wp\/v2\/pages\/15\/revisions"}],"predecessor-version":[{"id":272,"href":"https:\/\/8570jazzclub.ch\/index.php\/wp-json\/wp\/v2\/pages\/15\/revisions\/272"}],"wp:attachment":[{"href":"https:\/\/8570jazzclub.ch\/index.php\/wp-json\/wp\/v2\/media?parent=15"}],"curies":[{"name":"wp","href":"https:\/\/api.w.org\/{rel}","templated":true}]}}